{"id":1565,"date":"2021-02-21T15:01:02","date_gmt":"2021-02-21T13:01:02","guid":{"rendered":"https:\/\/osteopaatiakliinik.ee\/?page_id=1565"},"modified":"2025-02-22T21:55:31","modified_gmt":"2025-02-22T19:55:31","slug":"hinnakiri","status":"publish","type":"page","link":"https:\/\/osteopaatiakliinik.ee\/en\/hinnakiri\/","title":{"rendered":"Price List"},"content":{"rendered":"<p><div class=\"fusion-bg-parallax\" data-bg-align=\"left top\" data-direction=\"right\" data-mute=\"false\" data-opacity=\"100\" data-velocity=\"-0.4\" data-mobile-enabled=\"false\" data-break_parents=\"0\" data-bg-image=\"https:\/\/osteopaatiakliinik.ee\/wp-content\/uploads\/2016\/02\/header-image-visit-your-midwife.jpg\" data-bg-repeat=\"false\" ><\/div><div class=\"fusion-fullwidth fullwidth-box fusion-builder-row-1 fusion-flex-container fusion-parallax-right nonhundred-percent-fullwidth non-hundred-percent-height-scrolling\" style=\"background-color: rgba(255,255,255,0);background-image: url(&quot;https:\/\/osteopaatiakliinik.ee\/wp-content\/uploads\/2016\/02\/header-image-visit-your-midwife.jpg&quot;);background-position: left top;background-repeat: no-repeat;border-width: 0px 0px 0px 0px;border-color:#eae9e9;border-style:solid;-webkit-background-size:cover;-moz-background-size:cover;-o-background-size:cover;background-size:cover;\" ><div class=\"fusion-builder-row fusion-row fusion-flex-align-items-flex-start\" style=\"max-width:calc( 1170px + 0px );margin-left: calc(-0px \/ 2 );margin-right: calc(-0px \/ 2 );\"><div class=\"fusion-layout-column fusion_builder_column fusion-builder-column-0 fusion_builder_column_1_1 1_1 fusion-flex-column\"><div class=\"fusion-column-wrapper fusion-flex-justify-content-flex-start fusion-content-layout-column\" style=\"background-position:left top;background-repeat:no-repeat;-webkit-background-size:cover;-moz-background-size:cover;-o-background-size:cover;background-size:cover;padding: 0px 0px 0px 0px;\"><style type=\"text\/css\">@media only screen and (max-width:1024px) {.fusion-title.fusion-title-1{margin-top:50px!important; margin-right:0px!important;margin-bottom:30px!important;margin-left:0px!important;}}@media only screen and (max-width:640px) {.fusion-title.fusion-title-1{margin-top:0px!important; margin-right:0px!important;margin-bottom:20px!important; margin-left:0px!important;}}<\/style><div class=\"fusion-title title fusion-title-1 fusion-sep-none fusion-title-center fusion-title-text fusion-title-size-one\" style=\"margin-top:50px;margin-right:0px;margin-bottom:30px;margin-left:0px;\"><h1 class=\"title-heading-center fusion-responsive-typography-calculated\" style=\"margin:0;color:#ffffff;--fontSize:80;line-height:1;\"><span style=\"color: #3bafbf;\">Price List<\/span><\/h1><\/div><\/div><style type=\"text\/css\">.fusion-body .fusion-builder-column-0{width:100% !important;margin-top : 0px;margin-bottom : 150px;}.fusion-builder-column-0 > .fusion-column-wrapper {padding-top : 0px !important;padding-right : 0px !important;margin-right : 0px;padding-bottom : 0px !important;padding-left : 0px !important;margin-left : 0px;}@media only screen and (max-width:1024px) {.fusion-body .fusion-builder-column-0{width:100% !important;order : 0;}.fusion-builder-column-0 > .fusion-column-wrapper {margin-right : 0px;margin-left : 0px;}}@media only screen and (max-width:640px) {.fusion-body .fusion-builder-column-0{width:100% !important;order : 0;}.fusion-builder-column-0 > .fusion-column-wrapper {margin-right : 0px;margin-left : 0px;}}<\/style><\/div><\/div><style type=\"text\/css\">.fusion-body .fusion-flex-container.fusion-builder-row-1{ padding-top : 10%;margin-top : 0px;padding-right : 5%;padding-bottom : 10%;margin-bottom : 0px;padding-left : 5%;}<\/style><\/div><div class=\"fusion-fullwidth fullwidth-box fusion-builder-row-2 fusion-flex-container nonhundred-percent-fullwidth non-hundred-percent-height-scrolling\" style=\"background-color: rgba(255,255,255,0);background-position: center center;background-repeat: no-repeat;border-width: 0px 0px 0px 0px;border-color:#eae9e9;border-style:solid;\" ><div class=\"fusion-builder-row fusion-row fusion-flex-align-items-flex-start\" style=\"max-width:calc( 1170px + 0px );margin-left: calc(-0px \/ 2 );margin-right: calc(-0px \/ 2 );\"><div class=\"fusion-layout-column fusion_builder_column fusion-builder-column-1 fusion_builder_column_1_1 1_1 fusion-flex-column\"><div class=\"fusion-column-wrapper fusion-flex-justify-content-flex-start fusion-content-layout-column\" style=\"background-position:left top;background-repeat:no-repeat;-webkit-background-size:cover;-moz-background-size:cover;-o-background-size:cover;background-size:cover;padding: 0px 0px 0px 0px;\">\n<div class=\"table-1\">\n<table width=\"100%\">\n<thead>\n<tr>\n<th align=\"left\">&nbsp;<\/th>\n<th align=\"left\">Receptions in Tallinn<\/th>\n<\/tr>\n<\/thead>\n<tbody>\n<tr>\n<td align=\"left\">Children up to 7.yo<\/td>\n<td align=\"left\">70\u20ac<\/td>\n<\/tr>\n<tr>\n<td align=\"left\">Children from 7 years of age to adults<\/td>\n<td align=\"left\">85\u20ac<\/td>\n<\/tr>\n<tr>\n<td align=\"left\">Erakorraline vastuv\u00f5tt n\u00e4dalavahetusel v\u00f5i riigip\u00fchadel<\/td>\n<td align=\"left\">135\u20ac<\/td>\n<\/tr>\n<\/tbody>\n<\/table>\n<\/div>\n\n<div class=\"table-1\">\n<table width=\"100%\">\n<thead>\n<tr>\n<th align=\"left\">\n<p>Vastuv\u00f5tud M\u00e4rjamaal kaks korda kuus teisip\u00e4eval.<\/p>\n<p>Vastuv\u00f5tud Narvas kord kuus kolmap\u00e4eval ja neljap\u00e4eval.<\/p>\n<\/th>\n<\/tr>\n<\/thead>\n<tbody>\n<tr>\n<td align=\"left\">Vastuv\u00f5tt eelneva broneeringuga telefoni teel v\u00f5i&nbsp;<a href=\"mailto:info@osteopaatiakliinik.ee\" target=\"_blank\" rel=\"noopener\">info@osteopaatiakliinik.ee<\/a><\/td>\n<\/tr>\n<\/tbody>\n<\/table>\n<\/div>\n<\/div><style type=\"text\/css\">.fusion-body .fusion-builder-column-1{width:100% !important;margin-top : 0px;margin-bottom : 30px;}.fusion-builder-column-1 > .fusion-column-wrapper {padding-top : 0px !important;padding-right : 0px !important;margin-right : 0px;padding-bottom : 0px !important;padding-left : 0px !important;margin-left : 0px;}@media only screen and (max-width:1024px) {.fusion-body .fusion-builder-column-1{width:100% !important;order : 0;}.fusion-builder-column-1 > .fusion-column-wrapper {margin-right : 0px;margin-left : 0px;}}@media only screen and (max-width:640px) {.fusion-body .fusion-builder-column-1{width:100% !important;order : 0;}.fusion-builder-column-1 > .fusion-column-wrapper {margin-right : 0px;margin-left : 0px;}}<\/style><\/div><\/div><style type=\"text\/css\">.fusion-body .fusion-flex-container.fusion-builder-row-2{ padding-top : 100px;margin-top : 0px;padding-right : 0px;padding-bottom : 100px;margin-bottom : 0px;padding-left : 0px;}<\/style><\/div><\/p>","protected":false},"excerpt":{"rendered":"","protected":false},"author":2,"featured_media":0,"parent":0,"menu_order":0,"comment_status":"closed","ping_status":"closed","template":"100-width.php","meta":{"_bbp_topic_count":0,"_bbp_reply_count":0,"_bbp_total_topic_count":0,"_bbp_total_reply_count":0,"_bbp_voice_count":0,"_bbp_anonymous_reply_count":0,"_bbp_topic_count_hidden":0,"_bbp_reply_count_hidden":0,"_bbp_forum_subforum_count":0,"content-type":"","footnotes":""},"class_list":["post-1565","page","type-page","status-publish","hentry"],"yoast_head":"<!-- This site is optimized with the Yoast SEO plugin v23.6 - https:\/\/yoast.com\/wordpress\/plugins\/seo\/ -->\n<title>Hinnakiri &#187; Osteopaatia Kliinik<\/title>\n<meta name=\"robots\" content=\"index, follow, max-snippet:-1, max-image-preview:large, max-video-preview:-1\" \/>\n<link rel=\"canonical\" href=\"https:\/\/osteopaatiakliinik.ee\/en\/hinnakiri\/\" \/>\n<meta property=\"og:locale\" content=\"en_US\" \/>\n<meta property=\"og:type\" content=\"article\" \/>\n<meta property=\"og:title\" content=\"Hinnakiri &#187; Osteopaatia Kliinik\" \/>\n<meta property=\"og:url\" content=\"https:\/\/osteopaatiakliinik.ee\/en\/hinnakiri\/\" \/>\n<meta property=\"og:site_name\" content=\"Osteopaatia Kliinik\" \/>\n<meta property=\"article:modified_time\" content=\"2025-02-22T19:55:31+00:00\" \/>\n<meta name=\"twitter:card\" content=\"summary_large_image\" \/>\n<meta name=\"twitter:label1\" content=\"Est. reading time\" \/>\n\t<meta name=\"twitter:data1\" content=\"2 minutes\" \/>\n<script type=\"application\/ld+json\" class=\"yoast-schema-graph\">{\"@context\":\"https:\/\/schema.org\",\"@graph\":[{\"@type\":\"WebPage\",\"@id\":\"https:\/\/osteopaatiakliinik.ee\/hinnakiri\/\",\"url\":\"https:\/\/osteopaatiakliinik.ee\/hinnakiri\/\",\"name\":\"Hinnakiri &#187; Osteopaatia Kliinik\",\"isPartOf\":{\"@id\":\"https:\/\/osteopaatiakliinik.ee\/#website\"},\"datePublished\":\"2021-02-21T13:01:02+00:00\",\"dateModified\":\"2025-02-22T19:55:31+00:00\",\"breadcrumb\":{\"@id\":\"https:\/\/osteopaatiakliinik.ee\/hinnakiri\/#breadcrumb\"},\"inLanguage\":\"en-US\",\"potentialAction\":[{\"@type\":\"ReadAction\",\"target\":[\"https:\/\/osteopaatiakliinik.ee\/hinnakiri\/\"]}]},{\"@type\":\"BreadcrumbList\",\"@id\":\"https:\/\/osteopaatiakliinik.ee\/hinnakiri\/#breadcrumb\",\"itemListElement\":[{\"@type\":\"ListItem\",\"position\":1,\"name\":\"Home\",\"item\":\"https:\/\/osteopaatiakliinik.ee\/\"},{\"@type\":\"ListItem\",\"position\":2,\"name\":\"Hinnakiri\"}]},{\"@type\":\"WebSite\",\"@id\":\"https:\/\/osteopaatiakliinik.ee\/#website\",\"url\":\"https:\/\/osteopaatiakliinik.ee\/\",\"name\":\"Osteopaatia Kliinik\",\"description\":\"\",\"potentialAction\":[{\"@type\":\"SearchAction\",\"target\":{\"@type\":\"EntryPoint\",\"urlTemplate\":\"https:\/\/osteopaatiakliinik.ee\/?s={search_term_string}\"},\"query-input\":{\"@type\":\"PropertyValueSpecification\",\"valueRequired\":true,\"valueName\":\"search_term_string\"}}],\"inLanguage\":\"en-US\"}]}<\/script>\n<!-- \/ Yoast SEO plugin. -->","yoast_head_json":{"title":"Hinnakiri &#187; Osteopaatia Kliinik","robots":{"index":"index","follow":"follow","max-snippet":"max-snippet:-1","max-image-preview":"max-image-preview:large","max-video-preview":"max-video-preview:-1"},"canonical":"https:\/\/osteopaatiakliinik.ee\/en\/hinnakiri\/","og_locale":"en_US","og_type":"article","og_title":"Hinnakiri &#187; Osteopaatia Kliinik","og_url":"https:\/\/osteopaatiakliinik.ee\/en\/hinnakiri\/","og_site_name":"Osteopaatia Kliinik","article_modified_time":"2025-02-22T19:55:31+00:00","twitter_card":"summary_large_image","twitter_misc":{"Est. reading time":"2 minutes"},"schema":{"@context":"https:\/\/schema.org","@graph":[{"@type":"WebPage","@id":"https:\/\/osteopaatiakliinik.ee\/hinnakiri\/","url":"https:\/\/osteopaatiakliinik.ee\/hinnakiri\/","name":"Hinnakiri &#187; Osteopaatia Kliinik","isPartOf":{"@id":"https:\/\/osteopaatiakliinik.ee\/#website"},"datePublished":"2021-02-21T13:01:02+00:00","dateModified":"2025-02-22T19:55:31+00:00","breadcrumb":{"@id":"https:\/\/osteopaatiakliinik.ee\/hinnakiri\/#breadcrumb"},"inLanguage":"en-US","potentialAction":[{"@type":"ReadAction","target":["https:\/\/osteopaatiakliinik.ee\/hinnakiri\/"]}]},{"@type":"BreadcrumbList","@id":"https:\/\/osteopaatiakliinik.ee\/hinnakiri\/#breadcrumb","itemListElement":[{"@type":"ListItem","position":1,"name":"Home","item":"https:\/\/osteopaatiakliinik.ee\/"},{"@type":"ListItem","position":2,"name":"Hinnakiri"}]},{"@type":"WebSite","@id":"https:\/\/osteopaatiakliinik.ee\/#website","url":"https:\/\/osteopaatiakliinik.ee\/","name":"Osteopaatia Kliinik","description":"","potentialAction":[{"@type":"SearchAction","target":{"@type":"EntryPoint","urlTemplate":"https:\/\/osteopaatiakliinik.ee\/?s={search_term_string}"},"query-input":{"@type":"PropertyValueSpecification","valueRequired":true,"valueName":"search_term_string"}}],"inLanguage":"en-US"}]}},"_links":{"self":[{"href":"https:\/\/osteopaatiakliinik.ee\/en\/wp-json\/wp\/v2\/pages\/1565","targetHints":{"allow":["GET"]}}],"collection":[{"href":"https:\/\/osteopaatiakliinik.ee\/en\/wp-json\/wp\/v2\/pages"}],"about":[{"href":"https:\/\/osteopaatiakliinik.ee\/en\/wp-json\/wp\/v2\/types\/page"}],"author":[{"embeddable":true,"href":"https:\/\/osteopaatiakliinik.ee\/en\/wp-json\/wp\/v2\/users\/2"}],"replies":[{"embeddable":true,"href":"https:\/\/osteopaatiakliinik.ee\/en\/wp-json\/wp\/v2\/comments?post=1565"}],"version-history":[{"count":19,"href":"https:\/\/osteopaatiakliinik.ee\/en\/wp-json\/wp\/v2\/pages\/1565\/revisions"}],"predecessor-version":[{"id":1989,"href":"https:\/\/osteopaatiakliinik.ee\/en\/wp-json\/wp\/v2\/pages\/1565\/revisions\/1989"}],"wp:attachment":[{"href":"https:\/\/osteopaatiakliinik.ee\/en\/wp-json\/wp\/v2\/media?parent=1565"}],"curies":[{"name":"wp","href":"https:\/\/api.w.org\/{rel}","templated":true}]}}